{"id":7,"date":"2020-06-21T19:19:26","date_gmt":"2020-06-21T19:19:26","guid":{"rendered":"https:\/\/www.ipaintsolutions.ca\/?page_id=7"},"modified":"2024-06-06T11:24:19","modified_gmt":"2024-06-06T15:24:19","slug":"accueil","status":"publish","type":"page","link":"https:\/\/www.ipaintsolutions.ca\/fr\/","title":{"rendered":"Accueil"},"content":{"rendered":"<section class=\"h1-container\">\n<div class=\"container\">\n<div class=\"row\">\n<div class=\"col-12 col-xl-10 col-xxl-8\">\n<div class=\"lc-block\">\n<div editable=\"rich\" class=\"d-flex justify-content-center flex-column align-items-center d-lg-block\">\n<h1>\n\t\t\t\t\t\t\tIpaint Solutions est votre r\u00e9f\u00e9rence pour tous vos travaux de peinture de maison<br \/>\n\t\t\t\t\t\t\t<strong>\u00e0 Ottawa et dans la r\u00e9gion de l\u2019Outaouais<\/strong><br \/>\n\t\t\t\t\t\t<\/h1>\n<a class=\"contact btn\" href=\"https:\/\/www.ipaintsolutions.ca\/fr\/contact\/\" aria-label=\"Contactez-nous\">Contactez-nous<\/a><\/div>\n<\/p><\/div>\n<p><!-- \/lc-block -->\n\t\t\t<\/div>\n<p><!-- \/col --><\/p>\n<div class=\"col-md-4 d-none\">\n<div class=\"lc-block\"><\/div>\n<p><!-- \/lc-block -->\n\t\t\t<\/div>\n<p><!-- \/col -->\n\t\t<\/div>\n<\/p><\/div>\n<div class=\"arrow\">\n<div class=\"fleche\"><\/div>\n<\/p><\/div>\n<\/section>\n<section class=\"main_container\">\n<div class=\"container\">\n<div class=\"row\">\n<div class=\"col-12 col-xl-6\">\n<div class=\"lc-block\">\n<div editable=\"rich\">\n<h2>CHEZ IPAINT SOLUTIONS, NOUS NOUS SP\u00c9CIALISONS DANS LA PEINTURE INT\u00c9RIEURE ET R\u00c9PARATIONS DE VOS MAISONS DANS LA R\u00c9GION DE L\u2019OUTAOUAIS <br \/><\/h2>\n<p>Si vous \u00eates \u00e0 Ottawa, \u00e0 Gatineau ou aux alentours, n\u2019h\u00e9sitez pas \u00e0 nous contacter pour tous vos travaux de peinture int\u00e9rieure et ext\u00e9rieure. Quelle que soit la raison qui vous pousse \u00e0 recourir \u00e0 nos services, notre \u00e9quipe de peintres professionnels saura vous assister dans le but de produire le r\u00e9sultat d\u00e9sir\u00e9 et r\u00e9pondre \u00e0 tous vos besoins.<\/p>\n<p>En effet, une peinture fra\u00eeche a la possibilit\u00e9 de changer le style d\u2019une maison, la moderniser, mais aussi d\u2019am\u00e9liorer l\u2019apparence. La peinture est avant tout un art, donc, il est conseill\u00e9 de faire affaire avec des professionnels pour un travail r\u00e9alis\u00e9 avec excellence et un fini raffin\u00e9. Toutefois, nous ne nous arr\u00eatons pas \u00e0 la peinture; en nous faisant confiance, vous aurez \u00e9galement acc\u00e8s \u00e0 nos services de r\u00e9paration et d\u2019autres travaux tels que le pl\u00e2tre, tirage de joint etc.&nbsp;<\/p>\n<p>De plus, si vous \u00eates une compagnie de gestion immobili\u00e8re, chez IPaint Solutions, nous sommes heureux de vous proposer nos services pour l\u2019entretient ou la r\u00e9novation de vos maisons et appartements vacants.&nbsp; Si vous vous trouvez dans les r\u00e9gions de Gatineau, Buckingham ou Ottawa, et avez besoin d\u2019un peintre professionnel, contactez-nous d\u00e8s aujourd\u2019hui !<\/p>\n<a class=\"contact btn\" href=\"https:\/\/www.ipaintsolutions.ca\/fr\/contact\/\" aria-label=\"Faites appel \u00e0 nos services\">Faites appel \u00e0 nos services<\/a>\n<\/p><\/div>\n<\/p><\/div>\n<p><!-- \/lc-block -->\n\t\t\t<\/div>\n<p><!-- \/col --><\/p>\n<div class=\"col-xl-5 ml-auto d-none d-xl-block\">\n<div class=\"lc-block\">\n<div lc-helper=\"shortcode\" class=\"live-shortcode\">\n<div class=\"imgs\">\n\t\t\t\t\t\t\t<img decoding=\"async\" src=\"https:\/\/www.ipaintsolutions.ca\/wp-content\/themes\/yannickweb-child\/assets\/images\/home-img-b.jpg\" class=\"bottom_img\" alt=\"\"><noscript><img decoding=\"async\" src=\"https:\/\/www.ipaintsolutions.ca\/wp-content\/themes\/yannickweb-child\/assets\/images\/home-img-b.jpg\" class=\"bottom_img\" alt=\"\"><\/noscript><img decoding=\"async\" src=\"https:\/\/www.ipaintsolutions.ca\/wp-content\/themes\/yannickweb-child\/assets\/images\/home-img-f.jpg\" class=\"front_img\" alt=\"\"><noscript><img decoding=\"async\" src=\"https:\/\/www.ipaintsolutions.ca\/wp-content\/themes\/yannickweb-child\/assets\/images\/home-img-f.jpg\" class=\"front_img\" alt=\"\"><\/noscript>\n\t\t\t\t\t\t<\/div>\n<\/p><\/div>\n<\/p><\/div>\n<p><!-- \/lc-block --><br \/>\n\t\t\t\t<!-- \/lc-block -->\n\t\t\t<\/div>\n<p><!-- \/col -->\n\t\t<\/div>\n<\/p><\/div>\n<\/section>\n","protected":false},"excerpt":{"rendered":"<p>Ipaint Solutions est votre r\u00e9f\u00e9rence pour tous vos travaux de peinture de maison \u00e0 Ottawa et dans la r\u00e9gion de l\u2019Outaouais CHEZ IPAINT SOLUTIONS, NOUS NOUS SP\u00c9CIALISONS DANS LA PEINTURE INT\u00c9RIEURE ET R\u00c9PARATIONS DE VOS MAISONS DANS LA R\u00c9GION DE L\u2019OUTAOUAIS Si vous \u00eates \u00e0 Ottawa, \u00e0 Gatineau ou aux alentours, n\u2019h\u00e9sitez pas \u00e0 nous [&hellip;]<\/p>\n","protected":false},"author":1,"featured_media":0,"parent":0,"menu_order":0,"comment_status":"closed","ping_status":"closed","template":"","meta":{"footnotes":""},"class_list":["post-7","page","type-page","status-publish","hentry"],"yoast_head":"<!-- This site is optimized with the Yoast SEO plugin v27.2 - https:\/\/yoast.com\/product\/yoast-seo-wordpress\/ -->\n<title>Peintre maison Outaouais | IPaint Solutions<\/title>\n<meta name=\"description\" content=\"Services de peinture d\u2019int\u00e9rieur, pl\u00e2tre, tirage de joint, r\u00e9parations, gestion immobili\u00e8re de maisons et appartements vacants \u00e0 Gatineau.\" \/>\n<meta name=\"robots\" content=\"index, follow, max-snippet:-1, max-image-preview:large, max-video-preview:-1\" \/>\n<link rel=\"canonical\" href=\"https:\/\/www.ipaintsolutions.ca\/fr\/\" \/>\n<meta property=\"og:locale\" content=\"fr_FR\" \/>\n<meta property=\"og:type\" content=\"article\" \/>\n<meta property=\"og:title\" content=\"Peintre maison Outaouais | IPaint Solutions\" \/>\n<meta property=\"og:description\" content=\"Services de peinture d\u2019int\u00e9rieur, pl\u00e2tre, tirage de joint, r\u00e9parations, gestion immobili\u00e8re de maisons et appartements vacants \u00e0 Gatineau.\" \/>\n<meta property=\"og:url\" content=\"https:\/\/www.ipaintsolutions.ca\/fr\/\" \/>\n<meta property=\"og:site_name\" content=\"IPaintSolutions\" \/>\n<meta property=\"article:modified_time\" content=\"2024-06-06T15:24:19+00:00\" \/>\n<meta name=\"twitter:card\" content=\"summary_large_image\" \/>\n<meta name=\"twitter:label1\" content=\"Dur\u00e9e de lecture estim\u00e9e\" \/>\n\t<meta name=\"twitter:data1\" content=\"2 minutes\" \/>\n<script type=\"application\/ld+json\" class=\"yoast-schema-graph\">{\"@context\":\"https:\/\/schema.org\",\"@graph\":[{\"@type\":\"WebPage\",\"@id\":\"https:\/\/www.ipaintsolutions.ca\/fr\/\",\"url\":\"https:\/\/www.ipaintsolutions.ca\/fr\/\",\"name\":\"Peintre maison Outaouais | IPaint Solutions\",\"isPartOf\":{\"@id\":\"https:\/\/www.ipaintsolutions.ca\/fr\/#website\"},\"datePublished\":\"2020-06-21T19:19:26+00:00\",\"dateModified\":\"2024-06-06T15:24:19+00:00\",\"description\":\"Services de peinture d\u2019int\u00e9rieur, pl\u00e2tre, tirage de joint, r\u00e9parations, gestion immobili\u00e8re de maisons et appartements vacants \u00e0 Gatineau.\",\"breadcrumb\":{\"@id\":\"https:\/\/www.ipaintsolutions.ca\/fr\/#breadcrumb\"},\"inLanguage\":\"fr-FR\",\"potentialAction\":[{\"@type\":\"ReadAction\",\"target\":[\"https:\/\/www.ipaintsolutions.ca\/fr\/\"]}]},{\"@type\":\"BreadcrumbList\",\"@id\":\"https:\/\/www.ipaintsolutions.ca\/fr\/#breadcrumb\",\"itemListElement\":[{\"@type\":\"ListItem\",\"position\":1,\"name\":\"Home\",\"item\":\"https:\/\/www.ipaintsolutions.ca\/fr\/\"},{\"@type\":\"ListItem\",\"position\":2,\"name\":\"Accueil\"}]},{\"@type\":\"WebSite\",\"@id\":\"https:\/\/www.ipaintsolutions.ca\/fr\/#website\",\"url\":\"https:\/\/www.ipaintsolutions.ca\/fr\/\",\"name\":\"IPaintSolutions\",\"description\":\"Just another WordPress site\",\"publisher\":{\"@id\":\"https:\/\/www.ipaintsolutions.ca\/fr\/#organization\"},\"potentialAction\":[{\"@type\":\"SearchAction\",\"target\":{\"@type\":\"EntryPoint\",\"urlTemplate\":\"https:\/\/www.ipaintsolutions.ca\/fr\/?s={search_term_string}\"},\"query-input\":{\"@type\":\"PropertyValueSpecification\",\"valueRequired\":true,\"valueName\":\"search_term_string\"}}],\"inLanguage\":\"fr-FR\"},{\"@type\":\"Organization\",\"@id\":\"https:\/\/www.ipaintsolutions.ca\/fr\/#organization\",\"name\":\"IPaintSolutions\",\"url\":\"https:\/\/www.ipaintsolutions.ca\/fr\/\",\"logo\":{\"@type\":\"ImageObject\",\"inLanguage\":\"fr-FR\",\"@id\":\"https:\/\/www.ipaintsolutions.ca\/fr\/#\/schema\/logo\/image\/\",\"url\":\"https:\/\/www.ipaintsolutions.ca\/wp-content\/uploads\/2020\/06\/cropped-logo.png\",\"contentUrl\":\"https:\/\/www.ipaintsolutions.ca\/wp-content\/uploads\/2020\/06\/cropped-logo.png\",\"width\":430,\"height\":195,\"caption\":\"IPaintSolutions\"},\"image\":{\"@id\":\"https:\/\/www.ipaintsolutions.ca\/fr\/#\/schema\/logo\/image\/\"}}]}<\/script>\n<!-- \/ Yoast SEO plugin. -->","yoast_head_json":{"title":"Peintre maison Outaouais | IPaint Solutions","description":"Services de peinture d\u2019int\u00e9rieur, pl\u00e2tre, tirage de joint, r\u00e9parations, gestion immobili\u00e8re de maisons et appartements vacants \u00e0 Gatineau.","robots":{"index":"index","follow":"follow","max-snippet":"max-snippet:-1","max-image-preview":"max-image-preview:large","max-video-preview":"max-video-preview:-1"},"canonical":"https:\/\/www.ipaintsolutions.ca\/fr\/","og_locale":"fr_FR","og_type":"article","og_title":"Peintre maison Outaouais | IPaint Solutions","og_description":"Services de peinture d\u2019int\u00e9rieur, pl\u00e2tre, tirage de joint, r\u00e9parations, gestion immobili\u00e8re de maisons et appartements vacants \u00e0 Gatineau.","og_url":"https:\/\/www.ipaintsolutions.ca\/fr\/","og_site_name":"IPaintSolutions","article_modified_time":"2024-06-06T15:24:19+00:00","twitter_card":"summary_large_image","twitter_misc":{"Dur\u00e9e de lecture estim\u00e9e":"2 minutes"},"schema":{"@context":"https:\/\/schema.org","@graph":[{"@type":"WebPage","@id":"https:\/\/www.ipaintsolutions.ca\/fr\/","url":"https:\/\/www.ipaintsolutions.ca\/fr\/","name":"Peintre maison Outaouais | IPaint Solutions","isPartOf":{"@id":"https:\/\/www.ipaintsolutions.ca\/fr\/#website"},"datePublished":"2020-06-21T19:19:26+00:00","dateModified":"2024-06-06T15:24:19+00:00","description":"Services de peinture d\u2019int\u00e9rieur, pl\u00e2tre, tirage de joint, r\u00e9parations, gestion immobili\u00e8re de maisons et appartements vacants \u00e0 Gatineau.","breadcrumb":{"@id":"https:\/\/www.ipaintsolutions.ca\/fr\/#breadcrumb"},"inLanguage":"fr-FR","potentialAction":[{"@type":"ReadAction","target":["https:\/\/www.ipaintsolutions.ca\/fr\/"]}]},{"@type":"BreadcrumbList","@id":"https:\/\/www.ipaintsolutions.ca\/fr\/#breadcrumb","itemListElement":[{"@type":"ListItem","position":1,"name":"Home","item":"https:\/\/www.ipaintsolutions.ca\/fr\/"},{"@type":"ListItem","position":2,"name":"Accueil"}]},{"@type":"WebSite","@id":"https:\/\/www.ipaintsolutions.ca\/fr\/#website","url":"https:\/\/www.ipaintsolutions.ca\/fr\/","name":"IPaintSolutions","description":"Just another WordPress site","publisher":{"@id":"https:\/\/www.ipaintsolutions.ca\/fr\/#organization"},"potentialAction":[{"@type":"SearchAction","target":{"@type":"EntryPoint","urlTemplate":"https:\/\/www.ipaintsolutions.ca\/fr\/?s={search_term_string}"},"query-input":{"@type":"PropertyValueSpecification","valueRequired":true,"valueName":"search_term_string"}}],"inLanguage":"fr-FR"},{"@type":"Organization","@id":"https:\/\/www.ipaintsolutions.ca\/fr\/#organization","name":"IPaintSolutions","url":"https:\/\/www.ipaintsolutions.ca\/fr\/","logo":{"@type":"ImageObject","inLanguage":"fr-FR","@id":"https:\/\/www.ipaintsolutions.ca\/fr\/#\/schema\/logo\/image\/","url":"https:\/\/www.ipaintsolutions.ca\/wp-content\/uploads\/2020\/06\/cropped-logo.png","contentUrl":"https:\/\/www.ipaintsolutions.ca\/wp-content\/uploads\/2020\/06\/cropped-logo.png","width":430,"height":195,"caption":"IPaintSolutions"},"image":{"@id":"https:\/\/www.ipaintsolutions.ca\/fr\/#\/schema\/logo\/image\/"}}]}},"_links":{"self":[{"href":"https:\/\/www.ipaintsolutions.ca\/fr\/wp-json\/wp\/v2\/pages\/7","targetHints":{"allow":["GET"]}}],"collection":[{"href":"https:\/\/www.ipaintsolutions.ca\/fr\/wp-json\/wp\/v2\/pages"}],"about":[{"href":"https:\/\/www.ipaintsolutions.ca\/fr\/wp-json\/wp\/v2\/types\/page"}],"author":[{"embeddable":true,"href":"https:\/\/www.ipaintsolutions.ca\/fr\/wp-json\/wp\/v2\/users\/1"}],"replies":[{"embeddable":true,"href":"https:\/\/www.ipaintsolutions.ca\/fr\/wp-json\/wp\/v2\/comments?post=7"}],"version-history":[{"count":23,"href":"https:\/\/www.ipaintsolutions.ca\/fr\/wp-json\/wp\/v2\/pages\/7\/revisions"}],"predecessor-version":[{"id":129,"href":"https:\/\/www.ipaintsolutions.ca\/fr\/wp-json\/wp\/v2\/pages\/7\/revisions\/129"}],"wp:attachment":[{"href":"https:\/\/www.ipaintsolutions.ca\/fr\/wp-json\/wp\/v2\/media?parent=7"}],"curies":[{"name":"wp","href":"https:\/\/api.w.org\/{rel}","templated":true}]}}