{"id":20,"date":"2020-06-21T20:06:12","date_gmt":"2020-06-21T20:06:12","guid":{"rendered":"https:\/\/www.ipaintsolutions.ca\/?page_id=20"},"modified":"2024-06-06T11:30:22","modified_gmt":"2024-06-06T15:30:23","slug":"reparations","status":"publish","type":"page","link":"https:\/\/www.ipaintsolutions.ca\/fr\/reparations\/","title":{"rendered":"R\u00e9parations"},"content":{"rendered":"<section class=\"h1-container reparation-container\">\n<div class=\"container\">\n<div class=\"row\">\n<div class=\"col-12 col-xl-10 col-xxl-8\">\n<div class=\"lc-block\">\n<div editable=\"rich\" class=\"d-flex justify-content-center flex-column align-items-center d-lg-block\">\n<h1>CHEZ IPAINT SOLUTIONS, NOUS faisons des r\u00e9parations, du pl\u00e2tre et tirage de joint<br \/><strong>pour vos domiciles \u00e0 Gatineau, Buckingham et en Ottawa&nbsp;<\/strong><br \/>\n\t\t\t\t\t\t<\/h1>\n<a class=\"contact btn\" href=\"https:\/\/www.ipaintsolutions.ca\/fr\/contact\/\" aria-label=\"Contactez-nous\">Contactez-nous<\/a><\/div>\n<\/p><\/div>\n<p><!-- \/lc-block -->\n\t\t\t<\/div>\n<p><!-- \/col --><\/p>\n<div class=\"col-md-4 d-none\">\n<div class=\"lc-block\"><\/div>\n<p><!-- \/lc-block -->\n\t\t\t<\/div>\n<p><!-- \/col -->\n\t\t<\/div>\n<\/p><\/div>\n<div class=\"arrow\">\n<div class=\"fleche\"><\/div>\n<\/p><\/div>\n<\/section>\n<section class=\"main_container\">\n<div class=\"container\">\n<div class=\"row\">\n<div class=\"col-12 col-xl-6\">\n<div class=\"lc-block\">\n<div editable=\"rich\">\n<h2>Nous faisons des r\u00e9parations pr\u00e9-peinture et autres \u00e0 Ottawa et partout en Outaouais<\/h2>\n<p>Lors de nos s\u00e9ances de peintures de maison \u00e0 Gatineau, Buckingham, Ottawa, nous ne nous limitons pas uniquement \u00e0 faire la peinture. Il y a plusieurs \u00e9l\u00e9ments qui sont importants \u00e0 mettre en place avant de peindre, pour garantir un fini de haute qualit\u00e9 et impeccable. Pour un travail effectu\u00e9 dans de bonnes conditions, nos professionnels chez IPaint Solutions, font aussi du pl\u00e2tre, tirage de joint, et tout ce qui est n\u00e9cessaire pour un r\u00e9sultat satisfaisant.<\/p>\n<p>Ceci est une des raisons pour laquelle nous encourageons de faire affaire avec des experts. En effet, vos peintres professionnels s\u2019assureront de couvrir toutes les \u00e9tapes n\u00e9cessaires ce qui vous permettra aussi d\u2019\u00e9viter un travail b\u00e2cl\u00e9. <\/p>\n<p>Chez IPaint Solutions, nous effectuons nos travaux correctement, en s\u2019assurant de laisser les lieux dans des conditions propres, d\u2019o\u00f9 notre service cl\u00e9 en main. En contactant notre \u00e9quipe, nous serons en mesure d\u2019\u00e9valuer ce dont vous avez besoin et pourrons ensuite vous proposer nos services personnalis\u00e9s en Outaouais. <\/p>\n<p>Si vous avez des questions, contactez-nous d\u00e8s maintenant pr\u00e8s de chez vous<\/p>\n<a class=\"contact btn\" href=\"https:\/\/www.ipaintsolutions.ca\/fr\/contact\/\" aria-label=\"Obtenir de l\u2019information\">Obtenir de l\u2019information<\/a>\n<\/p><\/div>\n<\/p><\/div>\n<p><!-- \/lc-block -->\n\t\t\t<\/div>\n<p><!-- \/col --><\/p>\n<div class=\"col-xl-5 ml-auto d-none d-xl-block\">\n<div class=\"lc-block\">\n<div lc-helper=\"shortcode\" class=\"live-shortcode\">\n<div class=\"imgs\">\n\t\t\t\t\t\t\t<img decoding=\"async\" src=\"https:\/\/www.ipaintsolutions.ca\/wp-content\/themes\/yannickweb-child\/assets\/images\/repair-b.jpg\" class=\"bottom_img\" alt=\"\"><noscript><img decoding=\"async\" src=\"https:\/\/www.ipaintsolutions.ca\/wp-content\/themes\/yannickweb-child\/assets\/images\/repair-b.jpg\" class=\"bottom_img\" alt=\"\"><\/noscript><img decoding=\"async\" src=\"https:\/\/www.ipaintsolutions.ca\/wp-content\/themes\/yannickweb-child\/assets\/images\/repair-f.jpg\" class=\"front_img\" alt=\"\"><noscript><img decoding=\"async\" src=\"https:\/\/www.ipaintsolutions.ca\/wp-content\/themes\/yannickweb-child\/assets\/images\/repair-f.jpg\" class=\"front_img\" alt=\"\"><\/noscript>\n\t\t\t\t\t\t<\/div>\n<\/p><\/div>\n<\/p><\/div>\n<p><!-- \/lc-block --><br \/>\n\t\t\t\t<!-- \/lc-block -->\n\t\t\t<\/div>\n<p><!-- \/col -->\n\t\t<\/div>\n<\/p><\/div>\n<\/section>\n<section class=\"faq-container\">\n<div class=\"container\">\n<div class=\"row\">\n<div class=\"col-12 text-center\">\n<div class=\"lc-block\">\n<div editable=\"rich\">\n<h2>Vous avez besoin de quelques r\u00e9parations avant de peindre votre maison?<\/h2>\n<p>Si vous pr\u00e9voyez des r\u00e9novations \u00e0 votre domicile \u00e0 Gatineau, Ottawa ou ailleurs en Outaouais, vous savez que le processus de repeindre comprend plusieurs \u00e9tapes. Souvent, avant de pouvoir peindre vos murs, cela n\u00e9cessite des r\u00e9parations ou du nettoyage, \u00e0 cause de fissures mineures ou autres et c\u2019est pour cela que chez IPaint Solution,nous tenons \u00e0 vous offrir nos services de r\u00e9paration. Si nous travaillons par exemple dans des espaces qui ont des fen\u00eatres ou des portes, cela demande une pratique avec beaucoup plus de pr\u00e9cision. Nous prenons aussi en compte la hauteur des plafonds qui joue un r\u00f4le important car, \u00e7a n\u00e9cessite plus de pr\u00e9paration et de mesures de s\u00e9curit\u00e9 puisque les risques d\u2019accident sont multipli\u00e9s. <\/p>\n<p>Tout ce processus est la preuve qu\u2019il est important de faire confiance \u00e0 des professionnels pour s\u2019assurer un travail r\u00e9alis\u00e9 dans les meilleures conditions, pour vous mettre \u00e0 l\u2019abri de tout danger et vous aider \u00e0 profiter de la nouvelle apparence de votre maison en Outaouais. <\/p>\n<p>Chez IPaint Solutions, nous nous sp\u00e9cialisons dans la peinture int\u00e9rieure et ext\u00e9rieure comme les portes de garage, et nous faisons \u00e9galement des r\u00e9parations avec le pl\u00e2tre, tire de joint et bien plus. Contactez-nous d\u00e8s aujourd\u2019hui pour plus d\u2019informations<\/p>\n<\/p><\/div>\n<\/p><\/div>\n<p><!-- \/lc-block --><\/p>\n<div class=\"lc-block\">\n<div lc-helper=\"shortcode\" class=\"live-shortcode\"><a class=\"contact btn\" href=\"https:\/\/www.ipaintsolutions.ca\/fr\/contact\/\" aria-label=\"Contactez-nous\">Contactez-nous<\/a><\/div>\n<\/p><\/div>\n<p><!-- \/lc-block -->\n\t\t\t<\/div>\n<p><!-- \/col -->\n\t\t<\/div>\n<\/p><\/div>\n<\/section>\n","protected":false},"excerpt":{"rendered":"<p>CHEZ IPAINT SOLUTIONS, NOUS faisons des r\u00e9parations, du pl\u00e2tre et tirage de jointpour vos domiciles \u00e0 Gatineau, Buckingham et en Ottawa&nbsp; Nous faisons des r\u00e9parations pr\u00e9-peinture et autres \u00e0 Ottawa et partout en Outaouais Lors de nos s\u00e9ances de peintures de maison \u00e0 Gatineau, Buckingham, Ottawa, nous ne nous limitons pas uniquement \u00e0 faire la [&hellip;]<\/p>\n","protected":false},"author":1,"featured_media":0,"parent":0,"menu_order":0,"comment_status":"closed","ping_status":"closed","template":"","meta":{"footnotes":""},"class_list":["post-20","page","type-page","status-publish","hentry"],"yoast_head":"<!-- This site is optimized with the Yoast SEO plugin v27.2 - https:\/\/yoast.com\/product\/yoast-seo-wordpress\/ -->\n<title>R\u00e9paration \u00e0 domicile Outaouais | IPaint Solutions<\/title>\n<meta name=\"description\" content=\"Nous faisons des r\u00e9parations, du pl\u00e2tre et des tirages de joint dans la r\u00e9gion de Gatineau et Ottawa.\" \/>\n<meta name=\"robots\" content=\"index, follow, max-snippet:-1, max-image-preview:large, max-video-preview:-1\" \/>\n<link rel=\"canonical\" href=\"https:\/\/www.ipaintsolutions.ca\/fr\/reparations\/\" \/>\n<meta property=\"og:locale\" content=\"fr_FR\" \/>\n<meta property=\"og:type\" content=\"article\" \/>\n<meta property=\"og:title\" content=\"R\u00e9paration \u00e0 domicile Outaouais | IPaint Solutions\" \/>\n<meta property=\"og:description\" content=\"Nous faisons des r\u00e9parations, du pl\u00e2tre et des tirages de joint dans la r\u00e9gion de Gatineau et Ottawa.\" \/>\n<meta property=\"og:url\" content=\"https:\/\/www.ipaintsolutions.ca\/fr\/reparations\/\" \/>\n<meta property=\"og:site_name\" content=\"IPaintSolutions\" \/>\n<meta property=\"article:modified_time\" content=\"2024-06-06T15:30:23+00:00\" \/>\n<meta name=\"twitter:card\" content=\"summary_large_image\" \/>\n<meta name=\"twitter:label1\" content=\"Dur\u00e9e de lecture estim\u00e9e\" \/>\n\t<meta name=\"twitter:data1\" content=\"3 minutes\" \/>\n<script type=\"application\/ld+json\" class=\"yoast-schema-graph\">{\"@context\":\"https:\/\/schema.org\",\"@graph\":[{\"@type\":\"WebPage\",\"@id\":\"https:\/\/www.ipaintsolutions.ca\/fr\/reparations\/\",\"url\":\"https:\/\/www.ipaintsolutions.ca\/fr\/reparations\/\",\"name\":\"R\u00e9paration \u00e0 domicile Outaouais | IPaint Solutions\",\"isPartOf\":{\"@id\":\"https:\/\/www.ipaintsolutions.ca\/fr\/#website\"},\"datePublished\":\"2020-06-21T20:06:12+00:00\",\"dateModified\":\"2024-06-06T15:30:23+00:00\",\"description\":\"Nous faisons des r\u00e9parations, du pl\u00e2tre et des tirages de joint dans la r\u00e9gion de Gatineau et Ottawa.\",\"breadcrumb\":{\"@id\":\"https:\/\/www.ipaintsolutions.ca\/fr\/reparations\/#breadcrumb\"},\"inLanguage\":\"fr-FR\",\"potentialAction\":[{\"@type\":\"ReadAction\",\"target\":[\"https:\/\/www.ipaintsolutions.ca\/fr\/reparations\/\"]}]},{\"@type\":\"BreadcrumbList\",\"@id\":\"https:\/\/www.ipaintsolutions.ca\/fr\/reparations\/#breadcrumb\",\"itemListElement\":[{\"@type\":\"ListItem\",\"position\":1,\"name\":\"Home\",\"item\":\"https:\/\/www.ipaintsolutions.ca\/fr\/\"},{\"@type\":\"ListItem\",\"position\":2,\"name\":\"R\u00e9parations\"}]},{\"@type\":\"WebSite\",\"@id\":\"https:\/\/www.ipaintsolutions.ca\/fr\/#website\",\"url\":\"https:\/\/www.ipaintsolutions.ca\/fr\/\",\"name\":\"IPaintSolutions\",\"description\":\"Just another WordPress site\",\"publisher\":{\"@id\":\"https:\/\/www.ipaintsolutions.ca\/fr\/#organization\"},\"potentialAction\":[{\"@type\":\"SearchAction\",\"target\":{\"@type\":\"EntryPoint\",\"urlTemplate\":\"https:\/\/www.ipaintsolutions.ca\/fr\/?s={search_term_string}\"},\"query-input\":{\"@type\":\"PropertyValueSpecification\",\"valueRequired\":true,\"valueName\":\"search_term_string\"}}],\"inLanguage\":\"fr-FR\"},{\"@type\":\"Organization\",\"@id\":\"https:\/\/www.ipaintsolutions.ca\/fr\/#organization\",\"name\":\"IPaintSolutions\",\"url\":\"https:\/\/www.ipaintsolutions.ca\/fr\/\",\"logo\":{\"@type\":\"ImageObject\",\"inLanguage\":\"fr-FR\",\"@id\":\"https:\/\/www.ipaintsolutions.ca\/fr\/#\/schema\/logo\/image\/\",\"url\":\"https:\/\/www.ipaintsolutions.ca\/wp-content\/uploads\/2020\/06\/cropped-logo.png\",\"contentUrl\":\"https:\/\/www.ipaintsolutions.ca\/wp-content\/uploads\/2020\/06\/cropped-logo.png\",\"width\":430,\"height\":195,\"caption\":\"IPaintSolutions\"},\"image\":{\"@id\":\"https:\/\/www.ipaintsolutions.ca\/fr\/#\/schema\/logo\/image\/\"}}]}<\/script>\n<!-- \/ Yoast SEO plugin. -->","yoast_head_json":{"title":"R\u00e9paration \u00e0 domicile Outaouais | IPaint Solutions","description":"Nous faisons des r\u00e9parations, du pl\u00e2tre et des tirages de joint dans la r\u00e9gion de Gatineau et Ottawa.","robots":{"index":"index","follow":"follow","max-snippet":"max-snippet:-1","max-image-preview":"max-image-preview:large","max-video-preview":"max-video-preview:-1"},"canonical":"https:\/\/www.ipaintsolutions.ca\/fr\/reparations\/","og_locale":"fr_FR","og_type":"article","og_title":"R\u00e9paration \u00e0 domicile Outaouais | IPaint Solutions","og_description":"Nous faisons des r\u00e9parations, du pl\u00e2tre et des tirages de joint dans la r\u00e9gion de Gatineau et Ottawa.","og_url":"https:\/\/www.ipaintsolutions.ca\/fr\/reparations\/","og_site_name":"IPaintSolutions","article_modified_time":"2024-06-06T15:30:23+00:00","twitter_card":"summary_large_image","twitter_misc":{"Dur\u00e9e de lecture estim\u00e9e":"3 minutes"},"schema":{"@context":"https:\/\/schema.org","@graph":[{"@type":"WebPage","@id":"https:\/\/www.ipaintsolutions.ca\/fr\/reparations\/","url":"https:\/\/www.ipaintsolutions.ca\/fr\/reparations\/","name":"R\u00e9paration \u00e0 domicile Outaouais | IPaint Solutions","isPartOf":{"@id":"https:\/\/www.ipaintsolutions.ca\/fr\/#website"},"datePublished":"2020-06-21T20:06:12+00:00","dateModified":"2024-06-06T15:30:23+00:00","description":"Nous faisons des r\u00e9parations, du pl\u00e2tre et des tirages de joint dans la r\u00e9gion de Gatineau et Ottawa.","breadcrumb":{"@id":"https:\/\/www.ipaintsolutions.ca\/fr\/reparations\/#breadcrumb"},"inLanguage":"fr-FR","potentialAction":[{"@type":"ReadAction","target":["https:\/\/www.ipaintsolutions.ca\/fr\/reparations\/"]}]},{"@type":"BreadcrumbList","@id":"https:\/\/www.ipaintsolutions.ca\/fr\/reparations\/#breadcrumb","itemListElement":[{"@type":"ListItem","position":1,"name":"Home","item":"https:\/\/www.ipaintsolutions.ca\/fr\/"},{"@type":"ListItem","position":2,"name":"R\u00e9parations"}]},{"@type":"WebSite","@id":"https:\/\/www.ipaintsolutions.ca\/fr\/#website","url":"https:\/\/www.ipaintsolutions.ca\/fr\/","name":"IPaintSolutions","description":"Just another WordPress site","publisher":{"@id":"https:\/\/www.ipaintsolutions.ca\/fr\/#organization"},"potentialAction":[{"@type":"SearchAction","target":{"@type":"EntryPoint","urlTemplate":"https:\/\/www.ipaintsolutions.ca\/fr\/?s={search_term_string}"},"query-input":{"@type":"PropertyValueSpecification","valueRequired":true,"valueName":"search_term_string"}}],"inLanguage":"fr-FR"},{"@type":"Organization","@id":"https:\/\/www.ipaintsolutions.ca\/fr\/#organization","name":"IPaintSolutions","url":"https:\/\/www.ipaintsolutions.ca\/fr\/","logo":{"@type":"ImageObject","inLanguage":"fr-FR","@id":"https:\/\/www.ipaintsolutions.ca\/fr\/#\/schema\/logo\/image\/","url":"https:\/\/www.ipaintsolutions.ca\/wp-content\/uploads\/2020\/06\/cropped-logo.png","contentUrl":"https:\/\/www.ipaintsolutions.ca\/wp-content\/uploads\/2020\/06\/cropped-logo.png","width":430,"height":195,"caption":"IPaintSolutions"},"image":{"@id":"https:\/\/www.ipaintsolutions.ca\/fr\/#\/schema\/logo\/image\/"}}]}},"_links":{"self":[{"href":"https:\/\/www.ipaintsolutions.ca\/fr\/wp-json\/wp\/v2\/pages\/20","targetHints":{"allow":["GET"]}}],"collection":[{"href":"https:\/\/www.ipaintsolutions.ca\/fr\/wp-json\/wp\/v2\/pages"}],"about":[{"href":"https:\/\/www.ipaintsolutions.ca\/fr\/wp-json\/wp\/v2\/types\/page"}],"author":[{"embeddable":true,"href":"https:\/\/www.ipaintsolutions.ca\/fr\/wp-json\/wp\/v2\/users\/1"}],"replies":[{"embeddable":true,"href":"https:\/\/www.ipaintsolutions.ca\/fr\/wp-json\/wp\/v2\/comments?post=20"}],"version-history":[{"count":9,"href":"https:\/\/www.ipaintsolutions.ca\/fr\/wp-json\/wp\/v2\/pages\/20\/revisions"}],"predecessor-version":[{"id":132,"href":"https:\/\/www.ipaintsolutions.ca\/fr\/wp-json\/wp\/v2\/pages\/20\/revisions\/132"}],"wp:attachment":[{"href":"https:\/\/www.ipaintsolutions.ca\/fr\/wp-json\/wp\/v2\/media?parent=20"}],"curies":[{"name":"wp","href":"https:\/\/api.w.org\/{rel}","templated":true}]}}