{"id":18,"date":"2020-06-21T20:05:33","date_gmt":"2020-06-21T20:05:33","guid":{"rendered":"https:\/\/www.ipaintsolutions.ca\/?page_id=18"},"modified":"2024-06-06T11:27:04","modified_gmt":"2024-06-06T15:27:04","slug":"peinture-de-maisons-et-appartements","status":"publish","type":"page","link":"https:\/\/www.ipaintsolutions.ca\/fr\/peinture-de-maisons-et-appartements\/","title":{"rendered":"Peinture de maisons et appartements"},"content":{"rendered":"<section class=\"h1-container vacant-container\">\n<div class=\"container\">\n<div class=\"row\">\n<div class=\"col-12 col-xl-10 col-xxl-8\">\n<div class=\"lc-block\">\n<div editable=\"rich\" class=\"d-flex justify-content-center flex-column align-items-center d-lg-block\">\n<h1>Les compagnies de gestion immobili\u00e8re \u00e0 Gatineau, Ottawa<br \/><strong>PEUVENT FAIRE CONFIANCE \u00c0 IPAINTSOLUTIONS POUR LA PEINTURE DE MAISONS OU APPARTEMENTS VACANTS<\/strong><br \/>\n\t\t\t\t\t\t<\/h1>\n<a class=\"contact btn\" href=\"https:\/\/www.ipaintsolutions.ca\/fr\/contact\/\" aria-label=\"Contactez-nous\">Contactez-nous<\/a><\/div>\n<\/p><\/div>\n<p><!-- \/lc-block -->\n\t\t\t<\/div>\n<p><!-- \/col --><\/p>\n<div class=\"col-md-4 d-none\">\n<div class=\"lc-block\"><\/div>\n<p><!-- \/lc-block -->\n\t\t\t<\/div>\n<p><!-- \/col -->\n\t\t<\/div>\n<\/p><\/div>\n<div class=\"arrow\">\n<div class=\"fleche\"><\/div>\n<\/p><\/div>\n<\/section>\n<section class=\"main_container\">\n<div class=\"container\">\n<div class=\"row\">\n<div class=\"col-12 col-xl-6\">\n<div class=\"lc-block\">\n<div editable=\"rich\">\n<h2>\u00cates-vous gestionnaire immobilier? Nous faisons la peinture de maisons vacantes \u00e0 Ottawa, Gatineau, Buckingham<\/h2>\n<p>Chez IPaint Solutions, nous offrons nos services de peinture aux compagnies de gestion immobili\u00e8re pour l\u2019entretien ou les r\u00e9novations de maisons ou appartements vacants \u00e0 Ottawa, Gatineau et aux alentours. <\/p>\n<p>Si vous avez des appartements vacants, en attente d\u2019\u00eatre lou\u00e9s ou achet\u00e9s, faire affaire avec des professionnels vous permettra d\u2019avoir un souci en moins. La gestion immobili\u00e8re peut s\u2019av\u00e9rer consommatrice de temps et il y a plusieurs choses \u00e0 faire en m\u00eame temps donc c\u2019est l\u2019occasion id\u00e9ale de vous d\u00e9barrasser de certaines t\u00e2ches. Vous n\u2019aviez qu\u2019\u00e0 nous confier la t\u00e2che et nous allons nous en charger. Pour des pi\u00e8ces renouvel\u00e9es, modernis\u00e9es et pr\u00eates \u00e0 \u00eatre occup\u00e9es, communiquez-nous les d\u00e9tails. Nous travaillons dans des conditions saines et sanitaires. <\/p>\n<p>Pour plus d\u2019informations, chez IPaint Solutions, nous vous invitons \u00e0 nous contacter pour avoir plus de d\u00e9tails et obtenir l\u2019information n\u00e9cessaire<\/p>\n<a class=\"contact btn\" href=\"https:\/\/www.ipaintsolutions.ca\/fr\/contact\/\" aria-label=\"Contactez-nous pour plus d\u2019informations\">Contactez-nous pour plus d\u2019informations<\/a>\n<\/p><\/div>\n<\/p><\/div>\n<p><!-- \/lc-block -->\n\t\t\t<\/div>\n<p><!-- \/col --><\/p>\n<div class=\"col-xl-5 ml-auto d-none d-xl-block\">\n<div class=\"lc-block\">\n<div lc-helper=\"shortcode\" class=\"live-shortcode\">\n<div class=\"imgs\">\n\t\t\t\t\t\t\t<img decoding=\"async\" src=\"https:\/\/www.ipaintsolutions.ca\/wp-content\/themes\/yannickweb-child\/assets\/images\/home-img-b.jpg\" class=\"bottom_img\" alt=\"\"><noscript><img decoding=\"async\" src=\"https:\/\/www.ipaintsolutions.ca\/wp-content\/themes\/yannickweb-child\/assets\/images\/home-img-b.jpg\" class=\"bottom_img\" alt=\"\"><\/noscript><img decoding=\"async\" src=\"https:\/\/www.ipaintsolutions.ca\/wp-content\/themes\/yannickweb-child\/assets\/images\/repair-f.jpg\" class=\"front_img\" alt=\"\"><noscript><img decoding=\"async\" src=\"https:\/\/www.ipaintsolutions.ca\/wp-content\/themes\/yannickweb-child\/assets\/images\/repair-f.jpg\" class=\"front_img\" alt=\"\"><\/noscript>\n\t\t\t\t\t\t<\/div>\n<\/p><\/div>\n<\/p><\/div>\n<p><!-- \/lc-block --><br \/>\n\t\t\t\t<!-- \/lc-block -->\n\t\t\t<\/div>\n<p><!-- \/col -->\n\t\t<\/div>\n<\/p><\/div>\n<\/section>\n<section class=\"faq-container\">\n<div class=\"container\">\n<div class=\"row\">\n<div class=\"col-12 text-center\">\n<div class=\"lc-block\">\n<div editable=\"rich\">\n<h2>Comment choisir son peintre?<\/h2>\n<p>Choisir son peintre doit \u00eatre fait avec pr\u00e9caution. Il est important de tenir compte de la magnitude des r\u00e9novations que vous envisagez. S\u2019il s\u2019agit de grandes pi\u00e8ces ou pi\u00e8ces principales, comme le salon ou la cuisine, il est important que le r\u00e9sultat soit impeccable, d\u2019o\u00f9 la raison d\u2019opter pour un professionnel exp\u00e9riment\u00e9.<\/p>\n<p>S\u2019il s\u2019agit de pi\u00e8ces plus petites ou discr\u00e8tes, vous pouvez opter pour un \u00e9tudiant-peintre. Peu importe, malgr\u00e9 la volont\u00e9 ou la capacit\u00e9 d\u2019effectuer les travaux soi-m\u00eame, il est plus efficace, rentable et rapide de faire confiance \u00e0 un professionnel pour produire le r\u00e9sultat d\u00e9sir\u00e9. <\/p>\n<p>Si vous \u00eates \u00e0 Gatineau, Ottawa ou aux alentours, n\u2019h\u00e9sitez pas \u00e0 communiquer avec IPaint Solution pour plus d\u2019informations<\/p>\n<\/p><\/div>\n<\/p><\/div>\n<p><!-- \/lc-block --><\/p>\n<div class=\"lc-block\">\n<div lc-helper=\"shortcode\" class=\"live-shortcode\"><a class=\"contact btn\" href=\"https:\/\/www.ipaintsolutions.ca\/fr\/contact\/\" aria-label=\"Obtenez une soumission gratuite\">Obtenez une soumission gratuite<\/a><\/div>\n<\/p><\/div>\n<p><!-- \/lc-block -->\n\t\t\t<\/div>\n<p><!-- \/col -->\n\t\t<\/div>\n<\/p><\/div>\n<\/section>\n","protected":false},"excerpt":{"rendered":"<p>Les compagnies de gestion immobili\u00e8re \u00e0 Gatineau, OttawaPEUVENT FAIRE CONFIANCE \u00c0 IPAINTSOLUTIONS POUR LA PEINTURE DE MAISONS OU APPARTEMENTS VACANTS \u00cates-vous gestionnaire immobilier? Nous faisons la peinture de maisons vacantes \u00e0 Ottawa, Gatineau, Buckingham Chez IPaint Solutions, nous offrons nos services de peinture aux compagnies de gestion immobili\u00e8re pour l\u2019entretien ou les r\u00e9novations de maisons [&hellip;]<\/p>\n","protected":false},"author":1,"featured_media":0,"parent":0,"menu_order":0,"comment_status":"closed","ping_status":"closed","template":"","meta":{"footnotes":""},"class_list":["post-18","page","type-page","status-publish","hentry"],"yoast_head":"<!-- This site is optimized with the Yoast SEO plugin v27.2 - https:\/\/yoast.com\/product\/yoast-seo-wordpress\/ -->\n<title>Gestion immobili\u00e8res Gatineau Ottawa | IPaint Solutions<\/title>\n<meta name=\"description\" content=\": Nous offrons nos services de peinture aux compagnies de gestion immobili\u00e8re pour l\u2019entretien ou les r\u00e9novations de maisons ou appartements vacants \u00e0 Ottawa, Gatineau et aux alentours.\" \/>\n<meta name=\"robots\" content=\"index, follow, max-snippet:-1, max-image-preview:large, max-video-preview:-1\" \/>\n<link rel=\"canonical\" href=\"https:\/\/www.ipaintsolutions.ca\/fr\/peinture-de-maisons-et-appartements\/\" \/>\n<meta property=\"og:locale\" content=\"fr_FR\" \/>\n<meta property=\"og:type\" content=\"article\" \/>\n<meta property=\"og:title\" content=\"Gestion immobili\u00e8res Gatineau Ottawa | IPaint Solutions\" \/>\n<meta property=\"og:description\" content=\": Nous offrons nos services de peinture aux compagnies de gestion immobili\u00e8re pour l\u2019entretien ou les r\u00e9novations de maisons ou appartements vacants \u00e0 Ottawa, Gatineau et aux alentours.\" \/>\n<meta property=\"og:url\" content=\"https:\/\/www.ipaintsolutions.ca\/fr\/peinture-de-maisons-et-appartements\/\" \/>\n<meta property=\"og:site_name\" content=\"IPaintSolutions\" \/>\n<meta property=\"article:modified_time\" content=\"2024-06-06T15:27:04+00:00\" \/>\n<meta name=\"twitter:card\" content=\"summary_large_image\" \/>\n<meta name=\"twitter:label1\" content=\"Dur\u00e9e de lecture estim\u00e9e\" \/>\n\t<meta name=\"twitter:data1\" content=\"2 minutes\" \/>\n<script type=\"application\/ld+json\" class=\"yoast-schema-graph\">{\"@context\":\"https:\/\/schema.org\",\"@graph\":[{\"@type\":\"WebPage\",\"@id\":\"https:\/\/www.ipaintsolutions.ca\/fr\/peinture-de-maisons-et-appartements\/\",\"url\":\"https:\/\/www.ipaintsolutions.ca\/fr\/peinture-de-maisons-et-appartements\/\",\"name\":\"Gestion immobili\u00e8res Gatineau Ottawa | IPaint Solutions\",\"isPartOf\":{\"@id\":\"https:\/\/www.ipaintsolutions.ca\/fr\/#website\"},\"datePublished\":\"2020-06-21T20:05:33+00:00\",\"dateModified\":\"2024-06-06T15:27:04+00:00\",\"description\":\": Nous offrons nos services de peinture aux compagnies de gestion immobili\u00e8re pour l\u2019entretien ou les r\u00e9novations de maisons ou appartements vacants \u00e0 Ottawa, Gatineau et aux alentours.\",\"breadcrumb\":{\"@id\":\"https:\/\/www.ipaintsolutions.ca\/fr\/peinture-de-maisons-et-appartements\/#breadcrumb\"},\"inLanguage\":\"fr-FR\",\"potentialAction\":[{\"@type\":\"ReadAction\",\"target\":[\"https:\/\/www.ipaintsolutions.ca\/fr\/peinture-de-maisons-et-appartements\/\"]}]},{\"@type\":\"BreadcrumbList\",\"@id\":\"https:\/\/www.ipaintsolutions.ca\/fr\/peinture-de-maisons-et-appartements\/#breadcrumb\",\"itemListElement\":[{\"@type\":\"ListItem\",\"position\":1,\"name\":\"Home\",\"item\":\"https:\/\/www.ipaintsolutions.ca\/fr\/\"},{\"@type\":\"ListItem\",\"position\":2,\"name\":\"Peinture de maisons et appartements\"}]},{\"@type\":\"WebSite\",\"@id\":\"https:\/\/www.ipaintsolutions.ca\/fr\/#website\",\"url\":\"https:\/\/www.ipaintsolutions.ca\/fr\/\",\"name\":\"IPaintSolutions\",\"description\":\"Just another WordPress site\",\"publisher\":{\"@id\":\"https:\/\/www.ipaintsolutions.ca\/fr\/#organization\"},\"potentialAction\":[{\"@type\":\"SearchAction\",\"target\":{\"@type\":\"EntryPoint\",\"urlTemplate\":\"https:\/\/www.ipaintsolutions.ca\/fr\/?s={search_term_string}\"},\"query-input\":{\"@type\":\"PropertyValueSpecification\",\"valueRequired\":true,\"valueName\":\"search_term_string\"}}],\"inLanguage\":\"fr-FR\"},{\"@type\":\"Organization\",\"@id\":\"https:\/\/www.ipaintsolutions.ca\/fr\/#organization\",\"name\":\"IPaintSolutions\",\"url\":\"https:\/\/www.ipaintsolutions.ca\/fr\/\",\"logo\":{\"@type\":\"ImageObject\",\"inLanguage\":\"fr-FR\",\"@id\":\"https:\/\/www.ipaintsolutions.ca\/fr\/#\/schema\/logo\/image\/\",\"url\":\"https:\/\/www.ipaintsolutions.ca\/wp-content\/uploads\/2020\/06\/cropped-logo.png\",\"contentUrl\":\"https:\/\/www.ipaintsolutions.ca\/wp-content\/uploads\/2020\/06\/cropped-logo.png\",\"width\":430,\"height\":195,\"caption\":\"IPaintSolutions\"},\"image\":{\"@id\":\"https:\/\/www.ipaintsolutions.ca\/fr\/#\/schema\/logo\/image\/\"}}]}<\/script>\n<!-- \/ Yoast SEO plugin. -->","yoast_head_json":{"title":"Gestion immobili\u00e8res Gatineau Ottawa | IPaint Solutions","description":": Nous offrons nos services de peinture aux compagnies de gestion immobili\u00e8re pour l\u2019entretien ou les r\u00e9novations de maisons ou appartements vacants \u00e0 Ottawa, Gatineau et aux alentours.","robots":{"index":"index","follow":"follow","max-snippet":"max-snippet:-1","max-image-preview":"max-image-preview:large","max-video-preview":"max-video-preview:-1"},"canonical":"https:\/\/www.ipaintsolutions.ca\/fr\/peinture-de-maisons-et-appartements\/","og_locale":"fr_FR","og_type":"article","og_title":"Gestion immobili\u00e8res Gatineau Ottawa | IPaint Solutions","og_description":": Nous offrons nos services de peinture aux compagnies de gestion immobili\u00e8re pour l\u2019entretien ou les r\u00e9novations de maisons ou appartements vacants \u00e0 Ottawa, Gatineau et aux alentours.","og_url":"https:\/\/www.ipaintsolutions.ca\/fr\/peinture-de-maisons-et-appartements\/","og_site_name":"IPaintSolutions","article_modified_time":"2024-06-06T15:27:04+00:00","twitter_card":"summary_large_image","twitter_misc":{"Dur\u00e9e de lecture estim\u00e9e":"2 minutes"},"schema":{"@context":"https:\/\/schema.org","@graph":[{"@type":"WebPage","@id":"https:\/\/www.ipaintsolutions.ca\/fr\/peinture-de-maisons-et-appartements\/","url":"https:\/\/www.ipaintsolutions.ca\/fr\/peinture-de-maisons-et-appartements\/","name":"Gestion immobili\u00e8res Gatineau Ottawa | IPaint Solutions","isPartOf":{"@id":"https:\/\/www.ipaintsolutions.ca\/fr\/#website"},"datePublished":"2020-06-21T20:05:33+00:00","dateModified":"2024-06-06T15:27:04+00:00","description":": Nous offrons nos services de peinture aux compagnies de gestion immobili\u00e8re pour l\u2019entretien ou les r\u00e9novations de maisons ou appartements vacants \u00e0 Ottawa, Gatineau et aux alentours.","breadcrumb":{"@id":"https:\/\/www.ipaintsolutions.ca\/fr\/peinture-de-maisons-et-appartements\/#breadcrumb"},"inLanguage":"fr-FR","potentialAction":[{"@type":"ReadAction","target":["https:\/\/www.ipaintsolutions.ca\/fr\/peinture-de-maisons-et-appartements\/"]}]},{"@type":"BreadcrumbList","@id":"https:\/\/www.ipaintsolutions.ca\/fr\/peinture-de-maisons-et-appartements\/#breadcrumb","itemListElement":[{"@type":"ListItem","position":1,"name":"Home","item":"https:\/\/www.ipaintsolutions.ca\/fr\/"},{"@type":"ListItem","position":2,"name":"Peinture de maisons et appartements"}]},{"@type":"WebSite","@id":"https:\/\/www.ipaintsolutions.ca\/fr\/#website","url":"https:\/\/www.ipaintsolutions.ca\/fr\/","name":"IPaintSolutions","description":"Just another WordPress site","publisher":{"@id":"https:\/\/www.ipaintsolutions.ca\/fr\/#organization"},"potentialAction":[{"@type":"SearchAction","target":{"@type":"EntryPoint","urlTemplate":"https:\/\/www.ipaintsolutions.ca\/fr\/?s={search_term_string}"},"query-input":{"@type":"PropertyValueSpecification","valueRequired":true,"valueName":"search_term_string"}}],"inLanguage":"fr-FR"},{"@type":"Organization","@id":"https:\/\/www.ipaintsolutions.ca\/fr\/#organization","name":"IPaintSolutions","url":"https:\/\/www.ipaintsolutions.ca\/fr\/","logo":{"@type":"ImageObject","inLanguage":"fr-FR","@id":"https:\/\/www.ipaintsolutions.ca\/fr\/#\/schema\/logo\/image\/","url":"https:\/\/www.ipaintsolutions.ca\/wp-content\/uploads\/2020\/06\/cropped-logo.png","contentUrl":"https:\/\/www.ipaintsolutions.ca\/wp-content\/uploads\/2020\/06\/cropped-logo.png","width":430,"height":195,"caption":"IPaintSolutions"},"image":{"@id":"https:\/\/www.ipaintsolutions.ca\/fr\/#\/schema\/logo\/image\/"}}]}},"_links":{"self":[{"href":"https:\/\/www.ipaintsolutions.ca\/fr\/wp-json\/wp\/v2\/pages\/18","targetHints":{"allow":["GET"]}}],"collection":[{"href":"https:\/\/www.ipaintsolutions.ca\/fr\/wp-json\/wp\/v2\/pages"}],"about":[{"href":"https:\/\/www.ipaintsolutions.ca\/fr\/wp-json\/wp\/v2\/types\/page"}],"author":[{"embeddable":true,"href":"https:\/\/www.ipaintsolutions.ca\/fr\/wp-json\/wp\/v2\/users\/1"}],"replies":[{"embeddable":true,"href":"https:\/\/www.ipaintsolutions.ca\/fr\/wp-json\/wp\/v2\/comments?post=18"}],"version-history":[{"count":7,"href":"https:\/\/www.ipaintsolutions.ca\/fr\/wp-json\/wp\/v2\/pages\/18\/revisions"}],"predecessor-version":[{"id":131,"href":"https:\/\/www.ipaintsolutions.ca\/fr\/wp-json\/wp\/v2\/pages\/18\/revisions\/131"}],"wp:attachment":[{"href":"https:\/\/www.ipaintsolutions.ca\/fr\/wp-json\/wp\/v2\/media?parent=18"}],"curies":[{"name":"wp","href":"https:\/\/api.w.org\/{rel}","templated":true}]}}