{"id":16,"date":"2020-06-21T20:05:05","date_gmt":"2020-06-21T20:05:05","guid":{"rendered":"https:\/\/www.ipaintsolutions.ca\/?page_id=16"},"modified":"2024-06-06T11:25:42","modified_gmt":"2024-06-06T15:25:42","slug":"peinture-interieure","status":"publish","type":"page","link":"https:\/\/www.ipaintsolutions.ca\/fr\/peinture-interieure\/","title":{"rendered":"Peinture int\u00e9rieure"},"content":{"rendered":"<section class=\"h1-container peinture_container\">\n<div class=\"container\">\n<div class=\"row\">\n<div class=\"col-12 col-xl-10 col-xxl-8\">\n<div class=\"lc-block\">\n<div editable=\"rich\" class=\"d-flex justify-content-center flex-column align-items-center d-lg-block\">\n<h1>Vous souhaitez refaire la peinture int\u00e9rieure de votre maison?<br \/><strong>Contactez-nous \u00e0 Gatineau, Buckingham et Ottawa<\/strong><br \/>\n\t\t\t\t\t\t<\/h1>\n<a class=\"contact btn\" href=\"https:\/\/www.ipaintsolutions.ca\/fr\/contact\/\" aria-label=\"Contactez-nous\">Contactez-nous<\/a><\/div>\n<\/p><\/div>\n<p><!-- \/lc-block -->\n\t\t\t<\/div>\n<p><!-- \/col --><\/p>\n<div class=\"col-md-4 d-none\">\n<div class=\"lc-block\"><\/div>\n<p><!-- \/lc-block -->\n\t\t\t<\/div>\n<p><!-- \/col -->\n\t\t<\/div>\n<\/p><\/div>\n<div class=\"arrow\">\n<div class=\"fleche\"><\/div>\n<\/p><\/div>\n<\/section>\n<section class=\"main_container\">\n<div class=\"container\">\n<div class=\"row\">\n<div class=\"col-12 col-xl-6\">\n<div class=\"lc-block\">\n<div editable=\"rich\">\n<h2>POUR LA PEINTURE INT\u00c9RIEURE DE VOTRE DOMICILE \u00c0 GATINEAU, OTTAWA, BUCKINGHAM, FAITES CONFIANCE AUX PROFESSIONNELS DE IPAINT SOLUTIONS ! <br \/><\/h2>\n<p>Notre \u00e9quipe de peintres professionnels est disponible pr\u00e8s de chez vous pour refaire votre peinture int\u00e9rieure. Quelle que soit le projet ou vos besoins, faire affaire avec des professionnels a ses avantages. Premi\u00e8rement, vous pouvez \u00eatre surs d\u2019\u00eatre assist\u00e9s par des experts qui pourront vous conseiller dans votre choix de peinture. Vous b\u00e9n\u00e9ficierez d\u2019un service cl\u00e9 en main car ils seront l\u00e0 pour r\u00e9pondre \u00e0 toutes vos questions avant, pendant et apr\u00e8s le projet. <\/p>\n<p>Avant de trouver le peintre qui vous convient en Outaouais, vous pouvez commencer par \u00e9tablir les pi\u00e8ces que vous souhaitez r\u00e9nover. Ensuite, choisissez une ou des couleurs et ayez une vision pour chaque pi\u00e8ce. D\u00e9terminer aussi l\u2019objectif principal : r\u00e9nover, moderniser, rafraichir? Une fois \u00e9tabli, il sera plus facile pour vous de communiquer votre vision \u00e0 votre peintre qui pourra la reproduire avec pr\u00e9cision.<\/p>\n<p>Chez IPaint Solutions, nous effectuons notre travail dans des conditions s\u00e9curitaires pour un r\u00e9sultat excellent. Nous vous invitons \u00e0 nous contacter d\u00e8s aujourd\u2019hui pour une consultation. Si vous \u00eates dans la r\u00e9gion de l\u2019Outaouais ou \u00e0 Ottawa, n\u2019attendez plus! <\/p>\n<a class=\"contact btn\" href=\"https:\/\/www.ipaintsolutions.ca\/fr\/contact\/\" aria-label=\"Contactez-nous d\u00e8s maintenant\">Contactez-nous d\u00e8s maintenant<\/a>\n<\/p><\/div>\n<\/p><\/div>\n<p><!-- \/lc-block -->\n\t\t\t<\/div>\n<p><!-- \/col --><\/p>\n<div class=\"col-xl-5 ml-auto d-none d-xl-block\">\n<div class=\"lc-block\">\n<div lc-helper=\"shortcode\" class=\"live-shortcode\">\n<div class=\"imgs\">\n\t\t\t\t\t\t\t<img decoding=\"async\" src=\"https:\/\/www.ipaintsolutions.ca\/wp-content\/themes\/yannickweb-child\/assets\/images\/interior-paint-b.jpg\" class=\"bottom_img\" alt=\"\"><noscript><img decoding=\"async\" src=\"https:\/\/www.ipaintsolutions.ca\/wp-content\/themes\/yannickweb-child\/assets\/images\/interior-paint-b.jpg\" class=\"bottom_img\" alt=\"\"><\/noscript><img decoding=\"async\" src=\"https:\/\/www.ipaintsolutions.ca\/wp-content\/themes\/yannickweb-child\/assets\/images\/interior-paint-f.jpg\" class=\"front_img\" alt=\"\"><noscript><img decoding=\"async\" src=\"https:\/\/www.ipaintsolutions.ca\/wp-content\/themes\/yannickweb-child\/assets\/images\/interior-paint-f.jpg\" class=\"front_img\" alt=\"\"><\/noscript>\n\t\t\t\t\t\t<\/div>\n<\/p><\/div>\n<\/p><\/div>\n<p><!-- \/lc-block --><br \/>\n\t\t\t\t<!-- \/lc-block -->\n\t\t\t<\/div>\n<p><!-- \/col -->\n\t\t<\/div>\n<\/p><\/div>\n<\/section>\n<section class=\"faq-container\">\n<div class=\"container\">\n<div class=\"row\">\n<div class=\"col-12 text-center\">\n<div class=\"lc-block\">\n<div editable=\"rich\">\n<h2>COMBIEN CO\u00dbTENT LES SERVICES D\u2019UN PEINTRE PROFESSIONNEL EN OUTAOUAIS?<\/h2>\n<p>Plusieurs facteurs influencent le co\u00fbt des services de peintre professionnels. Premi\u00e8rement, vous pouvez prendre en compte le nombre de pi\u00e8ce \u00e0 peindre, ainsi que la grandeur de ces pi\u00e8ces. Ensuite, un \u00e9l\u00e9ment cl\u00e9 est la peinture et la quantit\u00e9 dont vous aurez besoin, ainsi que le type de peinture que vous souhaitez utiliser, ce qui jouera un grand r\u00f4le au niveau du montant final.&nbsp;<\/p>\n<p>En bref, il est difficile de d\u00e9finir un prix fixe pour vos travaux de peinture et c\u2019est pour cela que nous vous invitons \u00e0 nous contacter pour obtenir une consultation et une estimation pr\u00e9cise. Si vous \u00eates \u00e0 Gatineau, Ottawa, Buckingham, Ipaint Solutions est votre r\u00e9f\u00e9rence.<\/p>\n<\/p><\/div>\n<\/p><\/div>\n<p><!-- \/lc-block --><\/p>\n<div class=\"lc-block\">\n<div lc-helper=\"shortcode\" class=\"live-shortcode\"><a class=\"contact btn\" href=\"https:\/\/www.ipaintsolutions.ca\/fr\/contact\/\" aria-label=\"Obtenez une soumission gratuite\">Obtenez une soumission gratuite<\/a><\/div>\n<\/p><\/div>\n<p><!-- \/lc-block -->\n\t\t\t<\/div>\n<p><!-- \/col -->\n\t\t<\/div>\n<\/p><\/div>\n<\/section>\n","protected":false},"excerpt":{"rendered":"<p>Vous souhaitez refaire la peinture int\u00e9rieure de votre maison?Contactez-nous \u00e0 Gatineau, Buckingham et Ottawa POUR LA PEINTURE INT\u00c9RIEURE DE VOTRE DOMICILE \u00c0 GATINEAU, OTTAWA, BUCKINGHAM, FAITES CONFIANCE AUX PROFESSIONNELS DE IPAINT SOLUTIONS ! Notre \u00e9quipe de peintres professionnels est disponible pr\u00e8s de chez vous pour refaire votre peinture int\u00e9rieure. Quelle que soit le projet ou [&hellip;]<\/p>\n","protected":false},"author":1,"featured_media":0,"parent":0,"menu_order":0,"comment_status":"closed","ping_status":"closed","template":"","meta":{"footnotes":""},"class_list":["post-16","page","type-page","status-publish","hentry"],"yoast_head":"<!-- This site is optimized with the Yoast SEO plugin v27.2 - https:\/\/yoast.com\/product\/yoast-seo-wordpress\/ -->\n<title>Service de peintre int\u00e9rieur Outaouais | IPaint Solutions<\/title>\n<meta name=\"description\" content=\"Peintres professionnels disponible pr\u00e8s de chez vous pour refaire votre peinture int\u00e9rieure. Quelle que soit le projet ou vos besoins, faire affaire avec des professionnels a ses avantages.\" \/>\n<meta name=\"robots\" content=\"index, follow, max-snippet:-1, max-image-preview:large, max-video-preview:-1\" \/>\n<link rel=\"canonical\" href=\"https:\/\/www.ipaintsolutions.ca\/fr\/peinture-interieure\/\" \/>\n<meta property=\"og:locale\" content=\"fr_FR\" \/>\n<meta property=\"og:type\" content=\"article\" \/>\n<meta property=\"og:title\" content=\"Service de peintre int\u00e9rieur Outaouais | IPaint Solutions\" \/>\n<meta property=\"og:description\" content=\"Peintres professionnels disponible pr\u00e8s de chez vous pour refaire votre peinture int\u00e9rieure. Quelle que soit le projet ou vos besoins, faire affaire avec des professionnels a ses avantages.\" \/>\n<meta property=\"og:url\" content=\"https:\/\/www.ipaintsolutions.ca\/fr\/peinture-interieure\/\" \/>\n<meta property=\"og:site_name\" content=\"IPaintSolutions\" \/>\n<meta property=\"article:modified_time\" content=\"2024-06-06T15:25:42+00:00\" \/>\n<meta name=\"twitter:card\" content=\"summary_large_image\" \/>\n<meta name=\"twitter:label1\" content=\"Dur\u00e9e de lecture estim\u00e9e\" \/>\n\t<meta name=\"twitter:data1\" content=\"2 minutes\" \/>\n<script type=\"application\/ld+json\" class=\"yoast-schema-graph\">{\"@context\":\"https:\/\/schema.org\",\"@graph\":[{\"@type\":\"WebPage\",\"@id\":\"https:\/\/www.ipaintsolutions.ca\/fr\/peinture-interieure\/\",\"url\":\"https:\/\/www.ipaintsolutions.ca\/fr\/peinture-interieure\/\",\"name\":\"Service de peintre int\u00e9rieur Outaouais | IPaint Solutions\",\"isPartOf\":{\"@id\":\"https:\/\/www.ipaintsolutions.ca\/fr\/#website\"},\"datePublished\":\"2020-06-21T20:05:05+00:00\",\"dateModified\":\"2024-06-06T15:25:42+00:00\",\"description\":\"Peintres professionnels disponible pr\u00e8s de chez vous pour refaire votre peinture int\u00e9rieure. Quelle que soit le projet ou vos besoins, faire affaire avec des professionnels a ses avantages.\",\"breadcrumb\":{\"@id\":\"https:\/\/www.ipaintsolutions.ca\/fr\/peinture-interieure\/#breadcrumb\"},\"inLanguage\":\"fr-FR\",\"potentialAction\":[{\"@type\":\"ReadAction\",\"target\":[\"https:\/\/www.ipaintsolutions.ca\/fr\/peinture-interieure\/\"]}]},{\"@type\":\"BreadcrumbList\",\"@id\":\"https:\/\/www.ipaintsolutions.ca\/fr\/peinture-interieure\/#breadcrumb\",\"itemListElement\":[{\"@type\":\"ListItem\",\"position\":1,\"name\":\"Home\",\"item\":\"https:\/\/www.ipaintsolutions.ca\/fr\/\"},{\"@type\":\"ListItem\",\"position\":2,\"name\":\"Peinture int\u00e9rieure\"}]},{\"@type\":\"WebSite\",\"@id\":\"https:\/\/www.ipaintsolutions.ca\/fr\/#website\",\"url\":\"https:\/\/www.ipaintsolutions.ca\/fr\/\",\"name\":\"IPaintSolutions\",\"description\":\"Just another WordPress site\",\"publisher\":{\"@id\":\"https:\/\/www.ipaintsolutions.ca\/fr\/#organization\"},\"potentialAction\":[{\"@type\":\"SearchAction\",\"target\":{\"@type\":\"EntryPoint\",\"urlTemplate\":\"https:\/\/www.ipaintsolutions.ca\/fr\/?s={search_term_string}\"},\"query-input\":{\"@type\":\"PropertyValueSpecification\",\"valueRequired\":true,\"valueName\":\"search_term_string\"}}],\"inLanguage\":\"fr-FR\"},{\"@type\":\"Organization\",\"@id\":\"https:\/\/www.ipaintsolutions.ca\/fr\/#organization\",\"name\":\"IPaintSolutions\",\"url\":\"https:\/\/www.ipaintsolutions.ca\/fr\/\",\"logo\":{\"@type\":\"ImageObject\",\"inLanguage\":\"fr-FR\",\"@id\":\"https:\/\/www.ipaintsolutions.ca\/fr\/#\/schema\/logo\/image\/\",\"url\":\"https:\/\/www.ipaintsolutions.ca\/wp-content\/uploads\/2020\/06\/cropped-logo.png\",\"contentUrl\":\"https:\/\/www.ipaintsolutions.ca\/wp-content\/uploads\/2020\/06\/cropped-logo.png\",\"width\":430,\"height\":195,\"caption\":\"IPaintSolutions\"},\"image\":{\"@id\":\"https:\/\/www.ipaintsolutions.ca\/fr\/#\/schema\/logo\/image\/\"}}]}<\/script>\n<!-- \/ Yoast SEO plugin. -->","yoast_head_json":{"title":"Service de peintre int\u00e9rieur Outaouais | IPaint Solutions","description":"Peintres professionnels disponible pr\u00e8s de chez vous pour refaire votre peinture int\u00e9rieure. Quelle que soit le projet ou vos besoins, faire affaire avec des professionnels a ses avantages.","robots":{"index":"index","follow":"follow","max-snippet":"max-snippet:-1","max-image-preview":"max-image-preview:large","max-video-preview":"max-video-preview:-1"},"canonical":"https:\/\/www.ipaintsolutions.ca\/fr\/peinture-interieure\/","og_locale":"fr_FR","og_type":"article","og_title":"Service de peintre int\u00e9rieur Outaouais | IPaint Solutions","og_description":"Peintres professionnels disponible pr\u00e8s de chez vous pour refaire votre peinture int\u00e9rieure. Quelle que soit le projet ou vos besoins, faire affaire avec des professionnels a ses avantages.","og_url":"https:\/\/www.ipaintsolutions.ca\/fr\/peinture-interieure\/","og_site_name":"IPaintSolutions","article_modified_time":"2024-06-06T15:25:42+00:00","twitter_card":"summary_large_image","twitter_misc":{"Dur\u00e9e de lecture estim\u00e9e":"2 minutes"},"schema":{"@context":"https:\/\/schema.org","@graph":[{"@type":"WebPage","@id":"https:\/\/www.ipaintsolutions.ca\/fr\/peinture-interieure\/","url":"https:\/\/www.ipaintsolutions.ca\/fr\/peinture-interieure\/","name":"Service de peintre int\u00e9rieur Outaouais | IPaint Solutions","isPartOf":{"@id":"https:\/\/www.ipaintsolutions.ca\/fr\/#website"},"datePublished":"2020-06-21T20:05:05+00:00","dateModified":"2024-06-06T15:25:42+00:00","description":"Peintres professionnels disponible pr\u00e8s de chez vous pour refaire votre peinture int\u00e9rieure. Quelle que soit le projet ou vos besoins, faire affaire avec des professionnels a ses avantages.","breadcrumb":{"@id":"https:\/\/www.ipaintsolutions.ca\/fr\/peinture-interieure\/#breadcrumb"},"inLanguage":"fr-FR","potentialAction":[{"@type":"ReadAction","target":["https:\/\/www.ipaintsolutions.ca\/fr\/peinture-interieure\/"]}]},{"@type":"BreadcrumbList","@id":"https:\/\/www.ipaintsolutions.ca\/fr\/peinture-interieure\/#breadcrumb","itemListElement":[{"@type":"ListItem","position":1,"name":"Home","item":"https:\/\/www.ipaintsolutions.ca\/fr\/"},{"@type":"ListItem","position":2,"name":"Peinture int\u00e9rieure"}]},{"@type":"WebSite","@id":"https:\/\/www.ipaintsolutions.ca\/fr\/#website","url":"https:\/\/www.ipaintsolutions.ca\/fr\/","name":"IPaintSolutions","description":"Just another WordPress site","publisher":{"@id":"https:\/\/www.ipaintsolutions.ca\/fr\/#organization"},"potentialAction":[{"@type":"SearchAction","target":{"@type":"EntryPoint","urlTemplate":"https:\/\/www.ipaintsolutions.ca\/fr\/?s={search_term_string}"},"query-input":{"@type":"PropertyValueSpecification","valueRequired":true,"valueName":"search_term_string"}}],"inLanguage":"fr-FR"},{"@type":"Organization","@id":"https:\/\/www.ipaintsolutions.ca\/fr\/#organization","name":"IPaintSolutions","url":"https:\/\/www.ipaintsolutions.ca\/fr\/","logo":{"@type":"ImageObject","inLanguage":"fr-FR","@id":"https:\/\/www.ipaintsolutions.ca\/fr\/#\/schema\/logo\/image\/","url":"https:\/\/www.ipaintsolutions.ca\/wp-content\/uploads\/2020\/06\/cropped-logo.png","contentUrl":"https:\/\/www.ipaintsolutions.ca\/wp-content\/uploads\/2020\/06\/cropped-logo.png","width":430,"height":195,"caption":"IPaintSolutions"},"image":{"@id":"https:\/\/www.ipaintsolutions.ca\/fr\/#\/schema\/logo\/image\/"}}]}},"_links":{"self":[{"href":"https:\/\/www.ipaintsolutions.ca\/fr\/wp-json\/wp\/v2\/pages\/16","targetHints":{"allow":["GET"]}}],"collection":[{"href":"https:\/\/www.ipaintsolutions.ca\/fr\/wp-json\/wp\/v2\/pages"}],"about":[{"href":"https:\/\/www.ipaintsolutions.ca\/fr\/wp-json\/wp\/v2\/types\/page"}],"author":[{"embeddable":true,"href":"https:\/\/www.ipaintsolutions.ca\/fr\/wp-json\/wp\/v2\/users\/1"}],"replies":[{"embeddable":true,"href":"https:\/\/www.ipaintsolutions.ca\/fr\/wp-json\/wp\/v2\/comments?post=16"}],"version-history":[{"count":11,"href":"https:\/\/www.ipaintsolutions.ca\/fr\/wp-json\/wp\/v2\/pages\/16\/revisions"}],"predecessor-version":[{"id":130,"href":"https:\/\/www.ipaintsolutions.ca\/fr\/wp-json\/wp\/v2\/pages\/16\/revisions\/130"}],"wp:attachment":[{"href":"https:\/\/www.ipaintsolutions.ca\/fr\/wp-json\/wp\/v2\/media?parent=16"}],"curies":[{"name":"wp","href":"https:\/\/api.w.org\/{rel}","templated":true}]}}